{"id":20123,"date":"2017-11-20T10:14:04","date_gmt":"2017-11-20T09:14:04","guid":{"rendered":"http:\/\/www.region-schwabach.de\/wordpress\/?page_id=20123"},"modified":"2018-04-05T09:39:51","modified_gmt":"2018-04-05T07:39:51","slug":"veranstaltung-eintragen","status":"publish","type":"page","link":"https:\/\/www.region-schwabach.de\/wordpress\/region-schwabach-de\/werben-auf-region-schwabach-de\/veranstaltung-eintragen\/","title":{"rendered":"Veranstaltung eintragen"},"content":{"rendered":"\t\t<div data-elementor-type=\"wp-post\" data-elementor-id=\"20123\" class=\"elementor elementor-20123 elementor-bc-flex-widget\">\n\t\t\t\t\t\t<section class=\"elementor-section elementor-top-section elementor-element elementor-element-ec361e5 elementor-section-boxed elementor-section-height-default elementor-section-height-default\" data-id=\"ec361e5\" data-element_type=\"section\">\n\t\t\t\t\t\t<div class=\"elementor-container elementor-column-gap-default\">\n\t\t\t\t\t<div class=\"elementor-column elementor-col-66 elementor-top-column elementor-element elementor-element-aa657b4\" data-id=\"aa657b4\" data-element_type=\"column\">\n\t\t\t<div class=\"elementor-widget-wrap elementor-element-populated\">\n\t\t\t\t\t\t<div class=\"elementor-element elementor-element-1585759 elementor-widget elementor-widget-heading\" data-id=\"1585759\" data-element_type=\"widget\" data-widget_type=\"heading.default\">\n\t\t\t\t<div class=\"elementor-widget-container\">\n\t\t\t<h2 class=\"elementor-heading-title elementor-size-default\">Veranstaltung eintragen \u2022 Besucher gewinnen<\/h2>\t\t<\/div>\n\t\t\t\t<\/div>\n\t\t\t\t<div class=\"elementor-element elementor-element-a2f979b elementor-widget elementor-widget-heading\" data-id=\"a2f979b\" data-element_type=\"widget\" data-widget_type=\"heading.default\">\n\t\t\t\t<div class=\"elementor-widget-container\">\n\t\t\t<h5 class=\"elementor-heading-title elementor-size-default\">Bewerben Sie Ihre Veranstaltung im regionalen Veranstaltungskalender von region-schwabach, und erreichen Sie so genau Ihre Zielgruppe.<\/h5>\t\t<\/div>\n\t\t\t\t<\/div>\n\t\t\t\t<div class=\"elementor-element elementor-element-d91c51e elementor-widget-divider--view-line elementor-widget elementor-widget-divider\" data-id=\"d91c51e\" data-element_type=\"widget\" data-widget_type=\"divider.default\">\n\t\t\t\t<div class=\"elementor-widget-container\">\n\t\t\t\t\t<div class=\"elementor-divider\">\n\t\t\t<span class=\"elementor-divider-separator\">\n\t\t\t\t\t\t<\/span>\n\t\t<\/div>\n\t\t\t\t<\/div>\n\t\t\t\t<\/div>\n\t\t\t\t<div class=\"elementor-element elementor-element-9925b03 elementor-widget elementor-widget-heading\" data-id=\"9925b03\" data-element_type=\"widget\" data-widget_type=\"heading.default\">\n\t\t\t\t<div class=\"elementor-widget-container\">\n\t\t\t<h2 class=\"elementor-heading-title elementor-size-default\">Preise ab 0,- Euro<\/h2>\t\t<\/div>\n\t\t\t\t<\/div>\n\t\t\t\t<div class=\"elementor-element elementor-element-396c80e elementor-widget elementor-widget-heading\" data-id=\"396c80e\" data-element_type=\"widget\" data-widget_type=\"heading.default\">\n\t\t\t\t<div class=\"elementor-widget-container\">\n\t\t\t<h5 class=\"elementor-heading-title elementor-size-default\">\u2192 Keine versteckten Kosten  \u2192 Keine Einrichtungsgeb\u00fchr \u2192 Keine Vertragslaufzeit \u2192 Kein monatlicher oder j\u00e4hrlicher Grundpreis \u2192 Keine monatliche oder j\u00e4hrliche Mindestabnahme<\/h5>\t\t<\/div>\n\t\t\t\t<\/div>\n\t\t\t\t<div class=\"elementor-element elementor-element-cb52c93 elementor-widget-divider--view-line elementor-widget elementor-widget-divider\" data-id=\"cb52c93\" data-element_type=\"widget\" data-widget_type=\"divider.default\">\n\t\t\t\t<div class=\"elementor-widget-container\">\n\t\t\t\t\t<div class=\"elementor-divider\">\n\t\t\t<span class=\"elementor-divider-separator\">\n\t\t\t\t\t\t<\/span>\n\t\t<\/div>\n\t\t\t\t<\/div>\n\t\t\t\t<\/div>\n\t\t\t\t<div class=\"elementor-element elementor-element-638b651 elementor-widget elementor-widget-heading\" data-id=\"638b651\" data-element_type=\"widget\" data-widget_type=\"heading.default\">\n\t\t\t\t<div class=\"elementor-widget-container\">\n\t\t\t<h2 class=\"elementor-heading-title elementor-size-default\">Ihre weiteren Vorteile<\/h2>\t\t<\/div>\n\t\t\t\t<\/div>\n\t\t\t\t<div class=\"elementor-element elementor-element-9bf55d6 elementor-widget elementor-widget-toggle\" data-id=\"9bf55d6\" data-element_type=\"widget\" data-widget_type=\"toggle.default\">\n\t\t\t\t<div class=\"elementor-widget-container\">\n\t\t\t\t\t<div class=\"elementor-toggle\">\n\t\t\t\t\t\t\t<div class=\"elementor-toggle-item\">\n\t\t\t\t\t<div id=\"elementor-tab-title-1631\" class=\"elementor-tab-title\" data-tab=\"1\" role=\"button\" aria-controls=\"elementor-tab-content-1631\" aria-expanded=\"false\">\n\t\t\t\t\t\t\t\t\t\t\t\t<span class=\"elementor-toggle-icon elementor-toggle-icon-left\" aria-hidden=\"true\">\n\t\t\t\t\t\t\t\t\t\t\t\t\t\t\t<span class=\"elementor-toggle-icon-closed\"><i class=\"fas fa-caret-right\"><\/i><\/span>\n\t\t\t\t\t\t\t\t<span class=\"elementor-toggle-icon-opened\"><i class=\"elementor-toggle-icon-opened fas fa-caret-up\"><\/i><\/span>\n\t\t\t\t\t\t\t\t\t\t\t\t\t<\/span>\n\t\t\t\t\t\t\t\t\t\t\t\t<a class=\"elementor-toggle-title\" tabindex=\"0\">Benutzerfreundlichkeit<\/a>\n\t\t\t\t\t<\/div>\n\n\t\t\t\t\t<div id=\"elementor-tab-content-1631\" class=\"elementor-tab-content elementor-clearfix\" data-tab=\"1\" role=\"region\" aria-labelledby=\"elementor-tab-title-1631\"><h5>F\u00fcr Jedermann leicht zu bedienen<\/h5><p>Die intuitive und selbsterkl\u00e4rende Benutzerf\u00fchrung und die formularbasierten Eingabemasken macht die Ver\u00f6ffentlichung von Terminen f\u00fcr Sie zum Kinderspiel. Ihre Veranstaltungsanzeige ist so innerhalb k\u00fcrzester Zeit ver\u00f6ffentlicht. Sollten bei der Eingabe von Anzeigen trotz allem Schwierigkeiten auftreten, steht Ihnen unser Support-Team jederzeit telefonisch oder per eMail mit Rat und Tat zur Seite.\u00a0\u2192<\/p><\/div>\n\t\t\t\t<\/div>\n\t\t\t\t\t\t\t<div class=\"elementor-toggle-item\">\n\t\t\t\t\t<div id=\"elementor-tab-title-1632\" class=\"elementor-tab-title\" data-tab=\"2\" role=\"button\" aria-controls=\"elementor-tab-content-1632\" aria-expanded=\"false\">\n\t\t\t\t\t\t\t\t\t\t\t\t<span class=\"elementor-toggle-icon elementor-toggle-icon-left\" aria-hidden=\"true\">\n\t\t\t\t\t\t\t\t\t\t\t\t\t\t\t<span class=\"elementor-toggle-icon-closed\"><i class=\"fas fa-caret-right\"><\/i><\/span>\n\t\t\t\t\t\t\t\t<span class=\"elementor-toggle-icon-opened\"><i class=\"elementor-toggle-icon-opened fas fa-caret-up\"><\/i><\/span>\n\t\t\t\t\t\t\t\t\t\t\t\t\t<\/span>\n\t\t\t\t\t\t\t\t\t\t\t\t<a class=\"elementor-toggle-title\" tabindex=\"0\">Informationsumfang<\/a>\n\t\t\t\t\t<\/div>\n\n\t\t\t\t\t<div id=\"elementor-tab-content-1632\" class=\"elementor-tab-content elementor-clearfix\" data-tab=\"2\" role=\"region\" aria-labelledby=\"elementor-tab-title-1632\"><h5>Der Besucher erh\u00e4lt jede gew\u00fcnschte Information zur Veranstaltung<\/h5><p>F\u00fcr jede Ihrer Veranstaltung k\u00f6nnen Sie alle wichtigen Informationen und Details eintragen, den Umfang und die Qualit\u00e4t der ver\u00f6ffentlichten Infos bestimmen alleine Sie. Sie k\u00f6nnen die zuk\u00fcnftigen Besucher Ihrer Veranstaltung somit vorab umfangreich und l\u00fcckenlos \u00fcber Ihr geplantes Event informieren. Dem Suchenden stehen alle Details zur Verf\u00fcgung um sich f\u00fcr Ihre Veranstaltung zu entscheiden.<\/p><\/div>\n\t\t\t\t<\/div>\n\t\t\t\t\t\t\t<div class=\"elementor-toggle-item\">\n\t\t\t\t\t<div id=\"elementor-tab-title-1633\" class=\"elementor-tab-title\" data-tab=\"3\" role=\"button\" aria-controls=\"elementor-tab-content-1633\" aria-expanded=\"false\">\n\t\t\t\t\t\t\t\t\t\t\t\t<span class=\"elementor-toggle-icon elementor-toggle-icon-left\" aria-hidden=\"true\">\n\t\t\t\t\t\t\t\t\t\t\t\t\t\t\t<span class=\"elementor-toggle-icon-closed\"><i class=\"fas fa-caret-right\"><\/i><\/span>\n\t\t\t\t\t\t\t\t<span class=\"elementor-toggle-icon-opened\"><i class=\"elementor-toggle-icon-opened fas fa-caret-up\"><\/i><\/span>\n\t\t\t\t\t\t\t\t\t\t\t\t\t<\/span>\n\t\t\t\t\t\t\t\t\t\t\t\t<a class=\"elementor-toggle-title\" tabindex=\"0\">Kosten<\/a>\n\t\t\t\t\t<\/div>\n\n\t\t\t\t\t<div id=\"elementor-tab-content-1633\" class=\"elementor-tab-content elementor-clearfix\" data-tab=\"3\" role=\"region\" aria-labelledby=\"elementor-tab-title-1633\"><h5>Kosteng\u00fcnstige Alternative<\/h5><p>Im Gegensatz zu vielen anderen on-oder offline Medien ist eine Veranstaltungsanzeige bei region-schwabach, eine oft um ein vielfach g\u00fcnstigere Alternative. Unsere faire und kosteng\u00fcnstige Abrechnung erm\u00f6glicht auch kleineren Veranstaltern die Ver\u00f6ffentlichung von Events \u00fcber das Internet.<\/p><p>\u2192 Keine versteckten Kosten \u2192 Keine Einrichtungsgeb\u00fchr \u2192 Keine Vertragslaufzeit \u2192 Kein monatlicher oder j\u00e4hrlicher Grundpreis \u2192 Keine monatliche oder j\u00e4hrliche Mindestabnahme<\/p><\/div>\n\t\t\t\t<\/div>\n\t\t\t\t\t\t\t<div class=\"elementor-toggle-item\">\n\t\t\t\t\t<div id=\"elementor-tab-title-1634\" class=\"elementor-tab-title\" data-tab=\"4\" role=\"button\" aria-controls=\"elementor-tab-content-1634\" aria-expanded=\"false\">\n\t\t\t\t\t\t\t\t\t\t\t\t<span class=\"elementor-toggle-icon elementor-toggle-icon-left\" aria-hidden=\"true\">\n\t\t\t\t\t\t\t\t\t\t\t\t\t\t\t<span class=\"elementor-toggle-icon-closed\"><i class=\"fas fa-caret-right\"><\/i><\/span>\n\t\t\t\t\t\t\t\t<span class=\"elementor-toggle-icon-opened\"><i class=\"elementor-toggle-icon-opened fas fa-caret-up\"><\/i><\/span>\n\t\t\t\t\t\t\t\t\t\t\t\t\t<\/span>\n\t\t\t\t\t\t\t\t\t\t\t\t<a class=\"elementor-toggle-title\" tabindex=\"0\">Regionalit\u00e4t<\/a>\n\t\t\t\t\t<\/div>\n\n\t\t\t\t\t<div id=\"elementor-tab-content-1634\" class=\"elementor-tab-content elementor-clearfix\" data-tab=\"4\" role=\"region\" aria-labelledby=\"elementor-tab-title-1634\"><h5>Es werden nur regionale Anzeigen ver\u00f6ffentlicht<\/h5><p>Wir ver\u00f6ffentlichen nur Veranstaltungsanzeigen von regionalen Veranstaltern. Das hei\u00dft f\u00fcr Ihre Veranstaltung, da\u00df diese zwar \u00fcber die Grenzen der Region hinaus f\u00fcr jeden sichtbar ist (also u.U. auch Besucher aus anderen Regionen anlockt), sich aber gleichzeitig nicht mit anderen gleichartigen Veranstaltungen au\u00dferhalb der Region um Besucher streiten mu\u00df.<\/p><\/div>\n\t\t\t\t<\/div>\n\t\t\t\t\t\t\t<div class=\"elementor-toggle-item\">\n\t\t\t\t\t<div id=\"elementor-tab-title-1635\" class=\"elementor-tab-title\" data-tab=\"5\" role=\"button\" aria-controls=\"elementor-tab-content-1635\" aria-expanded=\"false\">\n\t\t\t\t\t\t\t\t\t\t\t\t<span class=\"elementor-toggle-icon elementor-toggle-icon-left\" aria-hidden=\"true\">\n\t\t\t\t\t\t\t\t\t\t\t\t\t\t\t<span class=\"elementor-toggle-icon-closed\"><i class=\"fas fa-caret-right\"><\/i><\/span>\n\t\t\t\t\t\t\t\t<span class=\"elementor-toggle-icon-opened\"><i class=\"elementor-toggle-icon-opened fas fa-caret-up\"><\/i><\/span>\n\t\t\t\t\t\t\t\t\t\t\t\t\t<\/span>\n\t\t\t\t\t\t\t\t\t\t\t\t<a class=\"elementor-toggle-title\" tabindex=\"0\">Spartenvielfalt<\/a>\n\t\t\t\t\t<\/div>\n\n\t\t\t\t\t<div id=\"elementor-tab-content-1635\" class=\"elementor-tab-content elementor-clearfix\" data-tab=\"5\" role=\"region\" aria-labelledby=\"elementor-tab-title-1635\"><h5>Umfangreiche Auswahl an Kategorien<\/h5><p>Von A wie Ausstellung \u00fcber Kinder, Jugend &amp; Familie bis V wie Vortr\u00e4ge.\u00a0Unser Veranstaltungskalender l\u00e4\u00dft keine W\u00fcnsche offen.\u00dcber die Einordnung in verschiedene Kategorien bekommt Ihre jeweiligen Veranstaltungsanzeige ihren pers\u00f6nlichen Charakter. Und durch die umfangreiche Kategorisierung findet jeder Suchende genau das Event, f\u00fcr das er sich interessiert.<\/p><\/div>\n\t\t\t\t<\/div>\n\t\t\t\t\t\t\t<div class=\"elementor-toggle-item\">\n\t\t\t\t\t<div id=\"elementor-tab-title-1636\" class=\"elementor-tab-title\" data-tab=\"6\" role=\"button\" aria-controls=\"elementor-tab-content-1636\" aria-expanded=\"false\">\n\t\t\t\t\t\t\t\t\t\t\t\t<span class=\"elementor-toggle-icon elementor-toggle-icon-left\" aria-hidden=\"true\">\n\t\t\t\t\t\t\t\t\t\t\t\t\t\t\t<span class=\"elementor-toggle-icon-closed\"><i class=\"fas fa-caret-right\"><\/i><\/span>\n\t\t\t\t\t\t\t\t<span class=\"elementor-toggle-icon-opened\"><i class=\"elementor-toggle-icon-opened fas fa-caret-up\"><\/i><\/span>\n\t\t\t\t\t\t\t\t\t\t\t\t\t<\/span>\n\t\t\t\t\t\t\t\t\t\t\t\t<a class=\"elementor-toggle-title\" tabindex=\"0\">\u00dcbersichtlichkeit<\/a>\n\t\t\t\t\t<\/div>\n\n\t\t\t\t\t<div id=\"elementor-tab-content-1636\" class=\"elementor-tab-content elementor-clearfix\" data-tab=\"6\" role=\"region\" aria-labelledby=\"elementor-tab-title-1636\"><h5>Jeder findet genau das, wonach er sucht<\/h5><p>Eine klare Strukturierung, eine benutzerfreundliche Navigation und jede Menge zus\u00e4tzliche praktische Funktionen machen den Veranstaltungs\u00fcberblick f\u00fcr Besucher zu dem Infoportal f\u00fcr alle Veranstaltungsinteressierten aus der Region &#8211; und dar\u00fcber hinaus. Mit nur wenigen Eingaben bzw. Mausklicks findet jeder das Event, das seinen Vorstellungen entspricht. Die umfangreichen aber \u00fcbersichtlich dargestellten Details dienen dabei als n\u00fctzliche Entscheidungshilfe.<\/p><\/div>\n\t\t\t\t<\/div>\n\t\t\t\t\t\t\t<div class=\"elementor-toggle-item\">\n\t\t\t\t\t<div id=\"elementor-tab-title-1637\" class=\"elementor-tab-title\" data-tab=\"7\" role=\"button\" aria-controls=\"elementor-tab-content-1637\" aria-expanded=\"false\">\n\t\t\t\t\t\t\t\t\t\t\t\t<span class=\"elementor-toggle-icon elementor-toggle-icon-left\" aria-hidden=\"true\">\n\t\t\t\t\t\t\t\t\t\t\t\t\t\t\t<span class=\"elementor-toggle-icon-closed\"><i class=\"fas fa-caret-right\"><\/i><\/span>\n\t\t\t\t\t\t\t\t<span class=\"elementor-toggle-icon-opened\"><i class=\"elementor-toggle-icon-opened fas fa-caret-up\"><\/i><\/span>\n\t\t\t\t\t\t\t\t\t\t\t\t\t<\/span>\n\t\t\t\t\t\t\t\t\t\t\t\t<a class=\"elementor-toggle-title\" tabindex=\"0\">Werbewirksamkeit<\/a>\n\t\t\t\t\t<\/div>\n\n\t\t\t\t\t<div id=\"elementor-tab-content-1637\" class=\"elementor-tab-content elementor-clearfix\" data-tab=\"7\" role=\"region\" aria-labelledby=\"elementor-tab-title-1637\"><h5>Werbewirksames Medium<\/h5><p>Mit einer Veranstaltungsanzeige bei uns erreichen Sie effektiv das an Veranstaltungen interessierte Publikum aus der Region. Ihre Veranstaltung wird durch die zahlreichen Auswahlkriterien bei der Suche genau von der Ihnen gew\u00fcnschten Zielgruppe gefunden. Deshalb ist unser Veranstaltungskalender das optimale Marketinginstrument, um Ihre Veranstaltung werbewirksam und erfolgreich zu ver\u00f6ffentlichen.<\/p><\/div>\n\t\t\t\t<\/div>\n\t\t\t\t\t\t\t<div class=\"elementor-toggle-item\">\n\t\t\t\t\t<div id=\"elementor-tab-title-1638\" class=\"elementor-tab-title\" data-tab=\"8\" role=\"button\" aria-controls=\"elementor-tab-content-1638\" aria-expanded=\"false\">\n\t\t\t\t\t\t\t\t\t\t\t\t<span class=\"elementor-toggle-icon elementor-toggle-icon-left\" aria-hidden=\"true\">\n\t\t\t\t\t\t\t\t\t\t\t\t\t\t\t<span class=\"elementor-toggle-icon-closed\"><i class=\"fas fa-caret-right\"><\/i><\/span>\n\t\t\t\t\t\t\t\t<span class=\"elementor-toggle-icon-opened\"><i class=\"elementor-toggle-icon-opened fas fa-caret-up\"><\/i><\/span>\n\t\t\t\t\t\t\t\t\t\t\t\t\t<\/span>\n\t\t\t\t\t\t\t\t\t\t\t\t<a class=\"elementor-toggle-title\" tabindex=\"0\">Besucherzahlen<\/a>\n\t\t\t\t\t<\/div>\n\n\t\t\t\t\t<div id=\"elementor-tab-content-1638\" class=\"elementor-tab-content elementor-clearfix\" data-tab=\"8\" role=\"region\" aria-labelledby=\"elementor-tab-title-1638\"><p>Damit Sie sehen, da\u00df sich die Ver\u00f6ffentlichung Ihrer Veranstaltungsanzeige auf www.region-schwabach.de lohnt, finden Sie hier eine kurze \u00dcbersicht der Besucherzahlen f\u00fcr die letzten Monate.<\/p><p>Als Beleg f\u00fcr diese Zahlen finden sie unter der Tabelle den Screenshot des Webhosters f\u00fcr diesen Zeitraum.<\/p><table><tbody><tr><td><strong>Monat<\/strong><\/td><td style=\"text-align: center;\"><strong>Tagesdurchschnitt<\/strong><\/td><td style=\"text-align: center;\"><strong>Monatssumme<\/strong><\/td><\/tr><tr><td>\u00a0<\/td><td>\u00a0<\/td><td>\u00a0<\/td><\/tr><tr><td><strong>April 2018 (bis 3. April)<\/strong><\/td><td style=\"text-align: center;\">\u00a01.273<\/td><td style=\"text-align: center;\">5.093\u00a0<\/td><\/tr><tr><td><strong>M\u00e4rz 2018<\/strong><\/td><td style=\"text-align: center;\">\u00a01.144<\/td><td style=\"text-align: center;\">\u00a035.475<\/td><\/tr><tr><td><strong>Februar 2018<\/strong><\/td><td style=\"text-align: center;\">1.147<\/td><td style=\"text-align: center;\">32.118<\/td><\/tr><tr><td><strong>Januar 2018<\/strong><\/td><td style=\"text-align: center;\">996<\/td><td style=\"text-align: center;\">30.890<\/td><\/tr><tr><td><strong>Dezember 2017<\/strong><\/td><td style=\"text-align: center;\">1.060<\/td><td style=\"text-align: center;\">32.865<\/td><\/tr><tr><td><strong>November 2017<\/strong><\/td><td style=\"text-align: center;\">741<\/td><td style=\"text-align: center;\">22.244<\/td><\/tr><tr><td><strong>Oktober 2017<\/strong><\/td><td style=\"text-align: center;\">686<\/td><td style=\"text-align: center;\">21.292<\/td><\/tr><tr><td><strong>September 2017<\/strong><\/td><td style=\"text-align: center;\">569<\/td><td style=\"text-align: center;\">17.097<\/td><\/tr><\/tbody><\/table><div>\u00a0<\/div><div style=\"text-align: center;\"><strong>Zum Vergr\u00f6\u00dfern Grafik anklicken<\/strong><\/div><div><p><a href=\"http:\/\/www.region-schwabach.de\/wordpress\/wp-content\/uploads\/2018\/04\/statistik_sep_maerz2.jpg\"><img fetchpriority=\"high\" decoding=\"async\" class=\" wp-image-34914\" src=\"http:\/\/www.region-schwabach.de\/wordpress\/wp-content\/uploads\/2018\/04\/statistik_sep_maerz2-300x66.jpg\" alt=\"\" width=\"622\" height=\"137\" srcset=\"https:\/\/www.region-schwabach.de\/wordpress\/wp-content\/uploads\/2018\/04\/statistik_sep_maerz2-300x66.jpg 300w, https:\/\/www.region-schwabach.de\/wordpress\/wp-content\/uploads\/2018\/04\/statistik_sep_maerz2-768x169.jpg 768w, https:\/\/www.region-schwabach.de\/wordpress\/wp-content\/uploads\/2018\/04\/statistik_sep_maerz2-1024x225.jpg 1024w, https:\/\/www.region-schwabach.de\/wordpress\/wp-content\/uploads\/2018\/04\/statistik_sep_maerz2.jpg 1333w\" sizes=\"(max-width: 622px) 100vw, 622px\" \/><\/a><\/p><\/div><p>\u00a0<\/p><\/div>\n\t\t\t\t<\/div>\n\t\t\t\t\t\t\t\t<\/div>\n\t\t\t\t<\/div>\n\t\t\t\t<\/div>\n\t\t\t\t<div class=\"elementor-element elementor-element-6e7fe61 elementor-widget-divider--view-line elementor-widget elementor-widget-divider\" data-id=\"6e7fe61\" data-element_type=\"widget\" data-widget_type=\"divider.default\">\n\t\t\t\t<div class=\"elementor-widget-container\">\n\t\t\t\t\t<div class=\"elementor-divider\">\n\t\t\t<span class=\"elementor-divider-separator\">\n\t\t\t\t\t\t<\/span>\n\t\t<\/div>\n\t\t\t\t<\/div>\n\t\t\t\t<\/div>\n\t\t\t\t<div class=\"elementor-element elementor-element-3b0abae elementor-widget elementor-widget-heading\" data-id=\"3b0abae\" data-element_type=\"widget\" data-widget_type=\"heading.default\">\n\t\t\t\t<div class=\"elementor-widget-container\">\n\t\t\t<h2 class=\"elementor-heading-title elementor-size-default\">So einfach geht's<\/h2>\t\t<\/div>\n\t\t\t\t<\/div>\n\t\t\t\t<div class=\"elementor-element elementor-element-7434bcf elementor-widget elementor-widget-heading\" data-id=\"7434bcf\" data-element_type=\"widget\" data-widget_type=\"heading.default\">\n\t\t\t\t<div class=\"elementor-widget-container\">\n\t\t\t<h5 class=\"elementor-heading-title elementor-size-default\">\u2192 Gew\u00fcnschte Variante ausw\u00e4hlen  \u2192 Daten eingeben \u2192 Daten senden \u2192 ONLINE<\/h5>\t\t<\/div>\n\t\t\t\t<\/div>\n\t\t\t\t<section class=\"elementor-section elementor-inner-section elementor-element elementor-element-bbe946c elementor-section-boxed elementor-section-height-default elementor-section-height-default\" data-id=\"bbe946c\" data-element_type=\"section\">\n\t\t\t\t\t\t<div class=\"elementor-container elementor-column-gap-default\">\n\t\t\t\t\t<div class=\"elementor-column elementor-col-33 elementor-inner-column elementor-element elementor-element-278dd7c\" data-id=\"278dd7c\" data-element_type=\"column\">\n\t\t\t<div class=\"elementor-widget-wrap\">\n\t\t\t\t\t\t\t<\/div>\n\t\t<\/div>\n\t\t\t\t<div class=\"elementor-column elementor-col-33 elementor-inner-column elementor-element elementor-element-6f9365f\" data-id=\"6f9365f\" data-element_type=\"column\">\n\t\t\t<div class=\"elementor-widget-wrap\">\n\t\t\t\t\t\t\t<\/div>\n\t\t<\/div>\n\t\t\t\t<div class=\"elementor-column elementor-col-33 elementor-inner-column elementor-element elementor-element-daac849\" data-id=\"daac849\" data-element_type=\"column\">\n\t\t\t<div class=\"elementor-widget-wrap\">\n\t\t\t\t\t\t\t<\/div>\n\t\t<\/div>\n\t\t\t\t\t<\/div>\n\t\t<\/section>\n\t\t\t\t\t<\/div>\n\t\t<\/div>\n\t\t\t\t<div class=\"elementor-column elementor-col-33 elementor-top-column elementor-element elementor-element-c82dcd9\" data-id=\"c82dcd9\" data-element_type=\"column\">\n\t\t\t<div class=\"elementor-widget-wrap\">\n\t\t\t\t\t\t\t<\/div>\n\t\t<\/div>\n\t\t\t\t\t<\/div>\n\t\t<\/section>\n\t\t\t\t<\/div>\n\t\t","protected":false},"excerpt":{"rendered":"<div class=\"mh-excerpt\"><p>Veranstaltung eintragen \u2022 Besucher gewinnen Bewerben Sie Ihre Veranstaltung im regionalen Veranstaltungskalender von region-schwabach, und erreichen Sie so genau Ihre Zielgruppe. Preise ab 0,- Euro \u2192 Keine versteckten Kosten \u2192 Keine Einrichtungsgeb\u00fchr \u2192 Keine Vertragslaufzeit <a class=\"mh-excerpt-more\" href=\"https:\/\/www.region-schwabach.de\/wordpress\/region-schwabach-de\/werben-auf-region-schwabach-de\/veranstaltung-eintragen\/\" title=\"Veranstaltung eintragen\">[&#8230;]<\/a><\/p>\n<\/div>","protected":false},"author":1,"featured_media":0,"parent":62,"menu_order":18,"comment_status":"closed","ping_status":"closed","template":"","meta":{"_cbd_carousel_blocks":"[]","footnotes":""},"class_list":["post-20123","page","type-page","status-publish"],"_links":{"self":[{"href":"https:\/\/www.region-schwabach.de\/wordpress\/wp-json\/wp\/v2\/pages\/20123","targetHints":{"allow":["GET"]}}],"collection":[{"href":"https:\/\/www.region-schwabach.de\/wordpress\/wp-json\/wp\/v2\/pages"}],"about":[{"href":"https:\/\/www.region-schwabach.de\/wordpress\/wp-json\/wp\/v2\/types\/page"}],"author":[{"embeddable":true,"href":"https:\/\/www.region-schwabach.de\/wordpress\/wp-json\/wp\/v2\/users\/1"}],"replies":[{"embeddable":true,"href":"https:\/\/www.region-schwabach.de\/wordpress\/wp-json\/wp\/v2\/comments?post=20123"}],"version-history":[{"count":0,"href":"https:\/\/www.region-schwabach.de\/wordpress\/wp-json\/wp\/v2\/pages\/20123\/revisions"}],"up":[{"embeddable":true,"href":"https:\/\/www.region-schwabach.de\/wordpress\/wp-json\/wp\/v2\/pages\/62"}],"wp:attachment":[{"href":"https:\/\/www.region-schwabach.de\/wordpress\/wp-json\/wp\/v2\/media?parent=20123"}],"curies":[{"name":"wp","href":"https:\/\/api.w.org\/{rel}","templated":true}]}}