{"id":52362,"date":"2018-08-15T15:00:15","date_gmt":"2018-08-15T13:00:15","guid":{"rendered":"http:\/\/www.region-schwabach.de\/wordpress\/?page_id=52362"},"modified":"2018-12-27T09:27:09","modified_gmt":"2018-12-27T08:27:09","slug":"region-schwabach-de","status":"publish","type":"page","link":"https:\/\/www.region-schwabach.de\/wordpress\/region-schwabach-de\/","title":{"rendered":"region-schwabach.de"},"content":{"rendered":"\t\t<div data-elementor-type=\"wp-post\" data-elementor-id=\"52362\" class=\"elementor elementor-52362 elementor-bc-flex-widget\">\n\t\t\t\t\t\t<section class=\"elementor-section elementor-top-section elementor-element elementor-element-721248b elementor-section-boxed elementor-section-height-default elementor-section-height-default\" data-id=\"721248b\" data-element_type=\"section\">\n\t\t\t\t\t\t<div class=\"elementor-container elementor-column-gap-default\">\n\t\t\t\t\t<div class=\"elementor-column elementor-col-66 elementor-top-column elementor-element elementor-element-1588f2a\" data-id=\"1588f2a\" data-element_type=\"column\">\n\t\t\t<div class=\"elementor-widget-wrap elementor-element-populated\">\n\t\t\t\t\t\t<div class=\"elementor-element elementor-element-0bc1628 elementor-widget elementor-widget-text-editor\" data-id=\"0bc1628\" data-element_type=\"widget\" data-widget_type=\"text-editor.default\">\n\t\t\t\t<div class=\"elementor-widget-container\">\n\t\t\t\t\t\t\t<h3>Zunehmende Konkurrenz durch Online-H\u00e4ndler<\/h3><p><span style=\"font-size: 12pt;\">Auch in Schwabach und der Region k\u00e4mpfen immer mehr lokale H\u00e4ndler mit der zunehmenden Konkurrenz des Onlinehandels, und viele haben diesen Kampf auch bereits aufgegeben, und ihre L\u00e4den geschlossen.<\/span><\/p><h3>Dabei m\u00fc\u00dfte das nicht sein<\/h3><p>Umfragen und Analysen haben ergeben, da\u00df viele Verbraucher nur sehr schlecht oder teilweise sogar \u00fcberhaupt nicht \u00fcber das Produkt- und Dienstleistungsangebot in ihrer Region informiert sind, und auch wichtige Informationen und Sonderangebote der Unternehmen nur selten wahrgenommen werden.<\/p><p>Grund daf\u00fcr ist h\u00e4ufig, da\u00df die Verbraucher sich selbst um die Beschaffung dieser Informationen k\u00fcmmern m\u00fcssen, und das vielen zu umst\u00e4ndlich ist, da sie dabei in der Regel verschiedene Medien einbeziehen m\u00fcssen. Wer gut informiert sein will, muss eine Vielzahl von Internetseiten besuchen, die diversen Wochenanzeiger durchforsten, und schlie\u00dflich auch noch alle Handzettel, Flyer und Werbeprospekte aus dem Briefkasten studieren.<\/p><p>\u00a0<\/p><p>\u00a0<\/p><p>Und nicht jeder Verbraucher W\u00fcnsche der Empf\u00e4nger abgestimmt ist. Viele der Prospekte werden ungelesen direkt in den Papierkorb geworfen.<br \/>Hat ein B\u00fcrger z.B. Bedarf an einem neuen K\u00fchlschrank, so ist es doch sehr m\u00fchsam die lokalen Einzelh\u00e4ndler anzufahren, um zu erfahren, wer welches Model zu welchem Preis anbietet. Viel einfacher geht es doch mit dem PC, Tablet oder Handy. Schnell mal Google fragen oder direkt auf Amazon, eBay und Co. surfen und mir die Waschmaschine liefern lassen.<\/p><p>\u00a0<\/p><blockquote><p><strong>\u201eBis jetzt bin ich jedes Mal quer durch die Stadt gefahren, um meine Pakete auf der Hauptpost abzugeben. Ich wu\u00dfte ja nicht, da\u00df der Zeitschriftladen zwei Stra\u00dfen weiter ebenfalls Pakte der Deutschen Post annimmt\u201c<\/strong><\/p><p><strong>\u201e<em>Wenn ich gewusst h\u00e4tte, da\u00df das Elektrofachgesch\u00e4ft um die Ecke den Flachbildschirm zum gleichen Preis anbietet, h\u00e4tte ich doch dort gekauft.<\/em>\u201c<\/strong><\/p><p>\u00a0<\/p><\/blockquote><p>\u00a0<\/p>\t\t\t\t\t\t<\/div>\n\t\t\t\t<\/div>\n\t\t\t\t\t<\/div>\n\t\t<\/div>\n\t\t\t\t<div class=\"elementor-column elementor-col-33 elementor-top-column elementor-element elementor-element-3b90960\" data-id=\"3b90960\" data-element_type=\"column\">\n\t\t\t<div class=\"elementor-widget-wrap\">\n\t\t\t\t\t\t\t<\/div>\n\t\t<\/div>\n\t\t\t\t\t<\/div>\n\t\t<\/section>\n\t\t\t\t<\/div>\n\t\t","protected":false},"excerpt":{"rendered":"<div class=\"mh-excerpt\"><p>Zunehmende Konkurrenz durch Online-H\u00e4ndler Auch in Schwabach und der Region k\u00e4mpfen immer mehr lokale H\u00e4ndler mit der zunehmenden Konkurrenz des Onlinehandels, und viele haben diesen Kampf auch bereits aufgegeben, und ihre L\u00e4den geschlossen. Dabei m\u00fc\u00dfte <a class=\"mh-excerpt-more\" href=\"https:\/\/www.region-schwabach.de\/wordpress\/region-schwabach-de\/\" title=\"region-schwabach.de\">[&#8230;]<\/a><\/p>\n<\/div>","protected":false},"author":1,"featured_media":0,"parent":0,"menu_order":11,"comment_status":"closed","ping_status":"closed","template":"","meta":{"_cbd_carousel_blocks":"[]","footnotes":""},"class_list":["post-52362","page","type-page","status-publish"],"_links":{"self":[{"href":"https:\/\/www.region-schwabach.de\/wordpress\/wp-json\/wp\/v2\/pages\/52362","targetHints":{"allow":["GET"]}}],"collection":[{"href":"https:\/\/www.region-schwabach.de\/wordpress\/wp-json\/wp\/v2\/pages"}],"about":[{"href":"https:\/\/www.region-schwabach.de\/wordpress\/wp-json\/wp\/v2\/types\/page"}],"author":[{"embeddable":true,"href":"https:\/\/www.region-schwabach.de\/wordpress\/wp-json\/wp\/v2\/users\/1"}],"replies":[{"embeddable":true,"href":"https:\/\/www.region-schwabach.de\/wordpress\/wp-json\/wp\/v2\/comments?post=52362"}],"version-history":[{"count":0,"href":"https:\/\/www.region-schwabach.de\/wordpress\/wp-json\/wp\/v2\/pages\/52362\/revisions"}],"wp:attachment":[{"href":"https:\/\/www.region-schwabach.de\/wordpress\/wp-json\/wp\/v2\/media?parent=52362"}],"curies":[{"name":"wp","href":"https:\/\/api.w.org\/{rel}","templated":true}]}}