{"id":62431,"date":"2024-08-06T06:45:00","date_gmt":"2024-08-06T04:45:00","guid":{"rendered":"http:\/\/www.region-schwabach.de\/wordpress\/?page_id=62431"},"modified":"2024-08-07T03:08:55","modified_gmt":"2024-08-07T01:08:55","slug":"heute","status":"publish","type":"page","link":"https:\/\/www.region-schwabach.de\/wordpress\/heute\/","title":{"rendered":"Heute"},"content":{"rendered":"\t\t<div data-elementor-type=\"wp-page\" data-elementor-id=\"62431\" class=\"elementor elementor-62431\">\n\t\t\t\t\t\t<section class=\"elementor-section elementor-top-section elementor-element elementor-element-30c6d0d2 elementor-section-boxed elementor-section-height-default elementor-section-height-default\" data-id=\"30c6d0d2\" data-element_type=\"section\">\n\t\t\t\t\t\t<div class=\"elementor-container elementor-column-gap-default\">\n\t\t\t\t\t<div class=\"elementor-column elementor-col-50 elementor-top-column elementor-element elementor-element-781c170f\" data-id=\"781c170f\" data-element_type=\"column\">\n\t\t\t<div class=\"elementor-widget-wrap elementor-element-populated\">\n\t\t\t\t\t\t<div class=\"elementor-element elementor-element-67ff3eec elementor-widget elementor-widget-heading\" data-id=\"67ff3eec\" data-element_type=\"widget\" data-widget_type=\"heading.default\">\n\t\t\t\t<div class=\"elementor-widget-container\">\n\t\t\t<h2 class=\"elementor-heading-title elementor-size-default\">N\u00fctzliche Infos f\u00fcr heute im \u00dcberblick<\/h2>\t\t<\/div>\n\t\t\t\t<\/div>\n\t\t\t\t<div class=\"elementor-element elementor-element-521da186 elementor-widget elementor-widget-text-editor\" data-id=\"521da186\" data-element_type=\"widget\" data-widget_type=\"text-editor.default\">\n\t\t\t\t<div class=\"elementor-widget-container\">\n\t\t\t\t\t\t\t<ul style=\"list-style-type: disc;\"><li><span style=\"font-size: 12pt;\"><strong>Aktuelle Spritpreise &#8211; <\/strong>wo man aktuell am g\u00fcnstigsten tankt<\/span><\/li><li><span style=\"font-size: 12pt;\"><strong>Apotheken-Notdienst &#8211; <\/strong>welche Apotheke gerade Notdienst ha<strong>t<\/strong><\/span><\/li><li><span style=\"font-size: 12pt;\"><strong>Gastronomie-Angebote &#8211; <\/strong>was unsere Gastronomie heute zu bieten hat<\/span><\/li><li><span style=\"font-size: 12pt;\"><strong>Kinoprogramm &#8211; <\/strong>welche Filme, und wann diese heute im Kino laufen<\/span><\/li><li><span style=\"font-size: 12pt;\"><strong>Mittagsmen\u00fcs &#8211; <\/strong>das Mittagsangebot unserer Metzgereien<\/span><\/li><li><span style=\"font-size: 12pt;\"><strong>Veranstaltungen &#8211; <\/strong>Temine und Veranstaltungen von heute<\/span><\/li><li><span style=\"font-size: 12pt;\"><strong>Verkaufsst\u00e4nde &#8211;\u00a0<\/strong>Fisch, Fleisch &amp; Wurst, Hend&#8217;l &amp; Hax&#8217;n, K\u00e4se, Obst &amp; Gem\u00fcse frisch vom mobilen Verkaufsstand<\/span><\/li><li><span style=\"font-size: 12pt;\"><strong>Verkehrsinfos &#8211; <\/strong>welche Stra\u00dfen heute gesperrt sind<\/span><\/li><li><span style=\"font-size: 12pt;\"><strong>Wetter &#8211; <\/strong>f\u00fcr heute, und die n\u00e4chsten 3 Tage<\/span><\/li><\/ul>\t\t\t\t\t\t<\/div>\n\t\t\t\t<\/div>\n\t\t\t\t<div class=\"elementor-element elementor-element-382aa42e elementor-widget-divider--view-line elementor-widget elementor-widget-divider\" data-id=\"382aa42e\" data-element_type=\"widget\" data-widget_type=\"divider.default\">\n\t\t\t\t<div class=\"elementor-widget-container\">\n\t\t\t\t\t<div class=\"elementor-divider\">\n\t\t\t<span class=\"elementor-divider-separator\">\n\t\t\t\t\t\t<\/span>\n\t\t<\/div>\n\t\t\t\t<\/div>\n\t\t\t\t<\/div>\n\t\t\t\t<div class=\"elementor-element elementor-element-4d832f3a elementor-widget elementor-widget-image\" data-id=\"4d832f3a\" data-element_type=\"widget\" data-widget_type=\"image.default\">\n\t\t\t\t<div class=\"elementor-widget-container\">\n\t\t\t\t\t\t\t\t\t\t\t\t\t<img decoding=\"async\" width=\"300\" height=\"37\" src=\"https:\/\/www.region-schwabach.de\/wordpress\/wp-content\/uploads\/2017\/08\/schrift_wetter1-300x37.jpg\" class=\"attachment-medium size-medium wp-image-6810\" alt=\"\" srcset=\"https:\/\/www.region-schwabach.de\/wordpress\/wp-content\/uploads\/2017\/08\/schrift_wetter1-300x37.jpg 300w, https:\/\/www.region-schwabach.de\/wordpress\/wp-content\/uploads\/2017\/08\/schrift_wetter1-350x44.jpg 350w, https:\/\/www.region-schwabach.de\/wordpress\/wp-content\/uploads\/2017\/08\/schrift_wetter1.jpg 714w\" sizes=\"(max-width: 300px) 100vw, 300px\" \/>\t\t\t\t\t\t\t\t\t\t\t\t\t<\/div>\n\t\t\t\t<\/div>\n\t\t\t\t<div class=\"elementor-element elementor-element-656c0412 elementor-widget elementor-widget-shortcode\" data-id=\"656c0412\" data-element_type=\"widget\" data-widget_type=\"shortcode.default\">\n\t\t\t\t<div class=\"elementor-widget-container\">\n\t\t\t\t\t<div class=\"elementor-shortcode\"><center><div id=\"cont_3322c7d37405534ffcb3458021ce5263\"><script type=\"text\/javascript\" async src=\"https:\/\/www.daswetter.com\/wid_loader\/3322c7d37405534ffcb3458021ce5263\"><\/script><\/div><\/center><\/div>\n\t\t\t\t<\/div>\n\t\t\t\t<\/div>\n\t\t\t\t<div class=\"elementor-element elementor-element-3e28cdf2 elementor-widget-divider--view-line elementor-widget elementor-widget-divider\" data-id=\"3e28cdf2\" data-element_type=\"widget\" data-widget_type=\"divider.default\">\n\t\t\t\t<div class=\"elementor-widget-container\">\n\t\t\t\t\t<div class=\"elementor-divider\">\n\t\t\t<span class=\"elementor-divider-separator\">\n\t\t\t\t\t\t<\/span>\n\t\t<\/div>\n\t\t\t\t<\/div>\n\t\t\t\t<\/div>\n\t\t\t\t<div class=\"elementor-element elementor-element-25f7b4c6 elementor-widget elementor-widget-image\" data-id=\"25f7b4c6\" data-element_type=\"widget\" data-widget_type=\"image.default\">\n\t\t\t\t<div class=\"elementor-widget-container\">\n\t\t\t\t\t\t\t\t\t\t\t\t\t<img decoding=\"async\" width=\"300\" height=\"39\" src=\"https:\/\/www.region-schwabach.de\/wordpress\/wp-content\/uploads\/2017\/08\/schrift_spritpreis1-300x39.jpg\" class=\"attachment-medium size-medium wp-image-7561\" alt=\"\" srcset=\"https:\/\/www.region-schwabach.de\/wordpress\/wp-content\/uploads\/2017\/08\/schrift_spritpreis1-300x39.jpg 300w, https:\/\/www.region-schwabach.de\/wordpress\/wp-content\/uploads\/2017\/08\/schrift_spritpreis1-350x46.jpg 350w, https:\/\/www.region-schwabach.de\/wordpress\/wp-content\/uploads\/2017\/08\/schrift_spritpreis1.jpg 676w\" sizes=\"(max-width: 300px) 100vw, 300px\" \/>\t\t\t\t\t\t\t\t\t\t\t\t\t<\/div>\n\t\t\t\t<\/div>\n\t\t\t\t<div class=\"elementor-element elementor-element-4f2e7c5b elementor-widget elementor-widget-html\" data-id=\"4f2e7c5b\" data-element_type=\"widget\" data-widget_type=\"html.default\">\n\t\t\t\t<div class=\"elementor-widget-container\">\n\t\t\t<!-- Start: Billig-Tanken.de Widget --><center><a href=\"\/\/www.billig-tanken.de\" class=\"billig-tanken-widget-stadt\">billig-tanken.de<\/a><script src=\"\/\/widget.billig-tanken.de\/stadt\/Schwabach\" type=\"text\/javascript\"><\/script><\/center><!-- End: Billig-Tanken.de Widget -->\t\t<\/div>\n\t\t\t\t<\/div>\n\t\t\t\t<div class=\"elementor-element elementor-element-3b72f170 elementor-widget-divider--view-line elementor-widget elementor-widget-divider\" data-id=\"3b72f170\" data-element_type=\"widget\" data-widget_type=\"divider.default\">\n\t\t\t\t<div class=\"elementor-widget-container\">\n\t\t\t\t\t<div class=\"elementor-divider\">\n\t\t\t<span class=\"elementor-divider-separator\">\n\t\t\t\t\t\t<\/span>\n\t\t<\/div>\n\t\t\t\t<\/div>\n\t\t\t\t<\/div>\n\t\t\t\t<div class=\"elementor-element elementor-element-3c00abf elementor-widget elementor-widget-image\" data-id=\"3c00abf\" data-element_type=\"widget\" data-widget_type=\"image.default\">\n\t\t\t\t<div class=\"elementor-widget-container\">\n\t\t\t\t\t\t\t\t\t\t\t\t\t<img decoding=\"async\" width=\"300\" height=\"32\" src=\"https:\/\/www.region-schwabach.de\/wordpress\/wp-content\/uploads\/2017\/08\/schrift_mittagsmenues1-300x32.jpg\" class=\"attachment-medium size-medium wp-image-6811\" alt=\"\" srcset=\"https:\/\/www.region-schwabach.de\/wordpress\/wp-content\/uploads\/2017\/08\/schrift_mittagsmenues1-300x32.jpg 300w, https:\/\/www.region-schwabach.de\/wordpress\/wp-content\/uploads\/2017\/08\/schrift_mittagsmenues1-768x81.jpg 768w, https:\/\/www.region-schwabach.de\/wordpress\/wp-content\/uploads\/2017\/08\/schrift_mittagsmenues1-350x37.jpg 350w, https:\/\/www.region-schwabach.de\/wordpress\/wp-content\/uploads\/2017\/08\/schrift_mittagsmenues1.jpg 834w\" sizes=\"(max-width: 300px) 100vw, 300px\" \/>\t\t\t\t\t\t\t\t\t\t\t\t\t<\/div>\n\t\t\t\t<\/div>\n\t\t\t\t<div class=\"elementor-element elementor-element-cf3a835 elementor-widget-divider--view-line elementor-widget elementor-widget-divider\" data-id=\"cf3a835\" data-element_type=\"widget\" data-widget_type=\"divider.default\">\n\t\t\t\t<div class=\"elementor-widget-container\">\n\t\t\t\t\t<div class=\"elementor-divider\">\n\t\t\t<span class=\"elementor-divider-separator\">\n\t\t\t\t\t\t<\/span>\n\t\t<\/div>\n\t\t\t\t<\/div>\n\t\t\t\t<\/div>\n\t\t\t\t<div class=\"elementor-element elementor-element-da74694 elementor-widget elementor-widget-image\" data-id=\"da74694\" data-element_type=\"widget\" data-widget_type=\"image.default\">\n\t\t\t\t<div class=\"elementor-widget-container\">\n\t\t\t\t\t\t\t\t\t\t\t\t\t<img loading=\"lazy\" decoding=\"async\" width=\"300\" height=\"35\" src=\"https:\/\/www.region-schwabach.de\/wordpress\/wp-content\/uploads\/2018\/07\/schrift_gastronomie1-300x35.jpg\" class=\"attachment-medium size-medium wp-image-49082\" alt=\"\" srcset=\"https:\/\/www.region-schwabach.de\/wordpress\/wp-content\/uploads\/2018\/07\/schrift_gastronomie1-300x35.jpg 300w, https:\/\/www.region-schwabach.de\/wordpress\/wp-content\/uploads\/2018\/07\/schrift_gastronomie1-768x91.jpg 768w, https:\/\/www.region-schwabach.de\/wordpress\/wp-content\/uploads\/2018\/07\/schrift_gastronomie1.jpg 803w\" sizes=\"(max-width: 300px) 100vw, 300px\" \/>\t\t\t\t\t\t\t\t\t\t\t\t\t<\/div>\n\t\t\t\t<\/div>\n\t\t\t\t<div class=\"elementor-element elementor-element-1ee028 elementor-widget-divider--view-line elementor-widget elementor-widget-divider\" data-id=\"1ee028\" data-element_type=\"widget\" data-widget_type=\"divider.default\">\n\t\t\t\t<div class=\"elementor-widget-container\">\n\t\t\t\t\t<div class=\"elementor-divider\">\n\t\t\t<span class=\"elementor-divider-separator\">\n\t\t\t\t\t\t<\/span>\n\t\t<\/div>\n\t\t\t\t<\/div>\n\t\t\t\t<\/div>\n\t\t\t\t<div class=\"elementor-element elementor-element-3c2cc85 elementor-widget elementor-widget-image\" data-id=\"3c2cc85\" data-element_type=\"widget\" data-widget_type=\"image.default\">\n\t\t\t\t<div class=\"elementor-widget-container\">\n\t\t\t\t\t\t\t\t\t\t\t\t\t<img loading=\"lazy\" decoding=\"async\" width=\"300\" height=\"44\" src=\"https:\/\/www.region-schwabach.de\/wordpress\/wp-content\/uploads\/2018\/10\/schrift_verkaufsstaende1-300x44.jpg\" class=\"attachment-medium size-medium wp-image-60914\" alt=\"\" srcset=\"https:\/\/www.region-schwabach.de\/wordpress\/wp-content\/uploads\/2018\/10\/schrift_verkaufsstaende1-300x44.jpg 300w, https:\/\/www.region-schwabach.de\/wordpress\/wp-content\/uploads\/2018\/10\/schrift_verkaufsstaende1.jpg 541w\" sizes=\"(max-width: 300px) 100vw, 300px\" \/>\t\t\t\t\t\t\t\t\t\t\t\t\t<\/div>\n\t\t\t\t<\/div>\n\t\t\t\t<div class=\"elementor-element elementor-element-7eef817 elementor-widget-divider--view-line elementor-widget elementor-widget-divider\" data-id=\"7eef817\" data-element_type=\"widget\" data-widget_type=\"divider.default\">\n\t\t\t\t<div class=\"elementor-widget-container\">\n\t\t\t\t\t<div class=\"elementor-divider\">\n\t\t\t<span class=\"elementor-divider-separator\">\n\t\t\t\t\t\t<\/span>\n\t\t<\/div>\n\t\t\t\t<\/div>\n\t\t\t\t<\/div>\n\t\t\t\t\t<\/div>\n\t\t<\/div>\n\t\t\t\t<div class=\"elementor-column elementor-col-50 elementor-top-column elementor-element elementor-element-2d351385\" data-id=\"2d351385\" data-element_type=\"column\">\n\t\t\t<div class=\"elementor-widget-wrap elementor-element-populated\">\n\t\t\t\t\t\t<div class=\"elementor-element elementor-element-4fc42614 elementor-widget elementor-widget-image\" data-id=\"4fc42614\" data-element_type=\"widget\" data-widget_type=\"image.default\">\n\t\t\t\t<div class=\"elementor-widget-container\">\n\t\t\t\t\t\t\t\t\t\t\t\t\t<img loading=\"lazy\" decoding=\"async\" width=\"300\" height=\"29\" src=\"https:\/\/www.region-schwabach.de\/wordpress\/wp-content\/uploads\/2018\/03\/schrift_veranstaltungen1-300x29.jpg\" class=\"attachment-medium size-medium wp-image-32320\" alt=\"\" srcset=\"https:\/\/www.region-schwabach.de\/wordpress\/wp-content\/uploads\/2018\/03\/schrift_veranstaltungen1-300x29.jpg 300w, https:\/\/www.region-schwabach.de\/wordpress\/wp-content\/uploads\/2018\/03\/schrift_veranstaltungen1-768x74.jpg 768w, https:\/\/www.region-schwabach.de\/wordpress\/wp-content\/uploads\/2018\/03\/schrift_veranstaltungen1.jpg 945w\" sizes=\"(max-width: 300px) 100vw, 300px\" \/>\t\t\t\t\t\t\t\t\t\t\t\t\t<\/div>\n\t\t\t\t<\/div>\n\t\t\t\t<div class=\"elementor-element elementor-element-2af63a9c elementor-widget elementor-widget-shortcode\" data-id=\"2af63a9c\" data-element_type=\"widget\" data-widget_type=\"shortcode.default\">\n\t\t\t\t<div class=\"elementor-widget-container\">\n\t\t\t\t\t<div class=\"elementor-shortcode\"><span class='events-no-events'>Keine Veranstaltungen<\/span><\/div>\n\t\t\t\t<\/div>\n\t\t\t\t<\/div>\n\t\t\t\t<div class=\"elementor-element elementor-element-509035d2 elementor-widget-divider--view-line elementor-widget elementor-widget-divider\" data-id=\"509035d2\" data-element_type=\"widget\" data-widget_type=\"divider.default\">\n\t\t\t\t<div class=\"elementor-widget-container\">\n\t\t\t\t\t<div class=\"elementor-divider\">\n\t\t\t<span class=\"elementor-divider-separator\">\n\t\t\t\t\t\t<\/span>\n\t\t<\/div>\n\t\t\t\t<\/div>\n\t\t\t\t<\/div>\n\t\t\t\t<div class=\"elementor-element elementor-element-1a36ce52 elementor-widget elementor-widget-image\" data-id=\"1a36ce52\" data-element_type=\"widget\" data-widget_type=\"image.default\">\n\t\t\t\t<div class=\"elementor-widget-container\">\n\t\t\t\t\t\t\t\t\t\t\t\t\t<img loading=\"lazy\" decoding=\"async\" width=\"300\" height=\"39\" src=\"https:\/\/www.region-schwabach.de\/wordpress\/wp-content\/uploads\/2017\/08\/schrift_apotheke1-300x39.jpg\" class=\"attachment-medium size-medium wp-image-6812\" alt=\"\" srcset=\"https:\/\/www.region-schwabach.de\/wordpress\/wp-content\/uploads\/2017\/08\/schrift_apotheke1-300x39.jpg 300w, https:\/\/www.region-schwabach.de\/wordpress\/wp-content\/uploads\/2017\/08\/schrift_apotheke1-350x45.jpg 350w, https:\/\/www.region-schwabach.de\/wordpress\/wp-content\/uploads\/2017\/08\/schrift_apotheke1.jpg 737w\" sizes=\"(max-width: 300px) 100vw, 300px\" \/>\t\t\t\t\t\t\t\t\t\t\t\t\t<\/div>\n\t\t\t\t<\/div>\n\t\t\t\t<div class=\"elementor-element elementor-element-5a31d1a3 elementor-widget-divider--view-line elementor-widget elementor-widget-divider\" data-id=\"5a31d1a3\" data-element_type=\"widget\" data-widget_type=\"divider.default\">\n\t\t\t\t<div class=\"elementor-widget-container\">\n\t\t\t\t\t<div class=\"elementor-divider\">\n\t\t\t<span class=\"elementor-divider-separator\">\n\t\t\t\t\t\t<\/span>\n\t\t<\/div>\n\t\t\t\t<\/div>\n\t\t\t\t<\/div>\n\t\t\t\t<div class=\"elementor-element elementor-element-abe9182 elementor-widget elementor-widget-heading\" data-id=\"abe9182\" data-element_type=\"widget\" data-widget_type=\"heading.default\">\n\t\t\t\t<div class=\"elementor-widget-container\">\n\t\t\t<h2 class=\"elementor-heading-title elementor-size-default\">Dienstag auf Mittwoch<\/h2>\t\t<\/div>\n\t\t\t\t<\/div>\n\t\t\t\t<div class=\"elementor-element elementor-element-daecd94 elementor-widget-divider--view-line elementor-widget elementor-widget-divider\" data-id=\"daecd94\" data-element_type=\"widget\" data-widget_type=\"divider.default\">\n\t\t\t\t<div class=\"elementor-widget-container\">\n\t\t\t\t\t<div class=\"elementor-divider\">\n\t\t\t<span class=\"elementor-divider-separator\">\n\t\t\t\t\t\t<\/span>\n\t\t<\/div>\n\t\t\t\t<\/div>\n\t\t\t\t<\/div>\n\t\t\t\t<div class=\"elementor-element elementor-element-3b5aba30 elementor-widget elementor-widget-shortcode\" data-id=\"3b5aba30\" data-element_type=\"widget\" data-widget_type=\"shortcode.default\">\n\t\t\t\t<div class=\"elementor-widget-container\">\n\t\t\t\t\t<div class=\"elementor-shortcode\">[elementor-template id=\"3366\"]<\/div>\n\t\t\t\t<\/div>\n\t\t\t\t<\/div>\n\t\t\t\t<div class=\"elementor-element elementor-element-147b237a elementor-widget elementor-widget-heading\" data-id=\"147b237a\" data-element_type=\"widget\" data-widget_type=\"heading.default\">\n\t\t\t\t<div class=\"elementor-widget-container\">\n\t\t\t<h2 class=\"elementor-heading-title elementor-size-default\">Mittwoch auf Donnerstag<\/h2>\t\t<\/div>\n\t\t\t\t<\/div>\n\t\t\t\t<div class=\"elementor-element elementor-element-a66dc0f elementor-widget elementor-widget-shortcode\" data-id=\"a66dc0f\" data-element_type=\"widget\" data-widget_type=\"shortcode.default\">\n\t\t\t\t<div class=\"elementor-widget-container\">\n\t\t\t\t\t<div class=\"elementor-shortcode\">[elementor-template id=\"3372\"]<\/div>\n\t\t\t\t<\/div>\n\t\t\t\t<\/div>\n\t\t\t\t<div class=\"elementor-element elementor-element-b7c6de7 elementor-widget-divider--view-line elementor-widget elementor-widget-divider\" data-id=\"b7c6de7\" data-element_type=\"widget\" data-widget_type=\"divider.default\">\n\t\t\t\t<div class=\"elementor-widget-container\">\n\t\t\t\t\t<div class=\"elementor-divider\">\n\t\t\t<span class=\"elementor-divider-separator\">\n\t\t\t\t\t\t<\/span>\n\t\t<\/div>\n\t\t\t\t<\/div>\n\t\t\t\t<\/div>\n\t\t\t\t<div class=\"elementor-element elementor-element-0d1dda9 elementor-widget elementor-widget-heading\" data-id=\"0d1dda9\" data-element_type=\"widget\" data-widget_type=\"heading.default\">\n\t\t\t\t<div class=\"elementor-widget-container\">\n\t\t\t<h1 class=\"elementor-heading-title elementor-size-default\">Aktuelles Kinoprogramm LUNA<\/h1>\t\t<\/div>\n\t\t\t\t<\/div>\n\t\t\t\t<div class=\"elementor-element elementor-element-c23488f elementor-widget-divider--view-line elementor-widget elementor-widget-divider\" data-id=\"c23488f\" data-element_type=\"widget\" data-widget_type=\"divider.default\">\n\t\t\t\t<div class=\"elementor-widget-container\">\n\t\t\t\t\t<div class=\"elementor-divider\">\n\t\t\t<span class=\"elementor-divider-separator\">\n\t\t\t\t\t\t<\/span>\n\t\t<\/div>\n\t\t\t\t<\/div>\n\t\t\t\t<\/div>\n\t\t\t\t\t<\/div>\n\t\t<\/div>\n\t\t\t\t\t<\/div>\n\t\t<\/section>\n\t\t\t\t<section class=\"elementor-section elementor-top-section elementor-element elementor-element-e5fef40 elementor-section-boxed elementor-section-height-default elementor-section-height-default\" data-id=\"e5fef40\" data-element_type=\"section\">\n\t\t\t\t\t\t<div class=\"elementor-container elementor-column-gap-default\">\n\t\t\t\t\t<div class=\"elementor-column elementor-col-33 elementor-top-column elementor-element elementor-element-6417bdd\" data-id=\"6417bdd\" data-element_type=\"column\">\n\t\t\t<div class=\"elementor-widget-wrap\">\n\t\t\t\t\t\t\t<\/div>\n\t\t<\/div>\n\t\t\t\t<div class=\"elementor-column elementor-col-33 elementor-top-column elementor-element elementor-element-9c44c8e\" data-id=\"9c44c8e\" data-element_type=\"column\">\n\t\t\t<div class=\"elementor-widget-wrap\">\n\t\t\t\t\t\t\t<\/div>\n\t\t<\/div>\n\t\t\t\t<div class=\"elementor-column elementor-col-33 elementor-top-column elementor-element elementor-element-45f2b4b\" data-id=\"45f2b4b\" data-element_type=\"column\">\n\t\t\t<div class=\"elementor-widget-wrap\">\n\t\t\t\t\t\t\t<\/div>\n\t\t<\/div>\n\t\t\t\t\t<\/div>\n\t\t<\/section>\n\t\t\t\t<\/div>\n\t\t","protected":false},"excerpt":{"rendered":"<div class=\"mh-excerpt\"><p>N\u00fctzliche Infos f\u00fcr heute im \u00dcberblick Aktuelle Spritpreise &#8211; wo man aktuell am g\u00fcnstigsten tankt Apotheken-Notdienst &#8211; welche Apotheke gerade Notdienst hat Gastronomie-Angebote &#8211; was unsere Gastronomie heute zu bieten hat Kinoprogramm &#8211; welche Filme, <a class=\"mh-excerpt-more\" href=\"https:\/\/www.region-schwabach.de\/wordpress\/heute\/\" title=\"Heute\">[&#8230;]<\/a><\/p>\n<\/div>","protected":false},"author":1,"featured_media":0,"parent":0,"menu_order":0,"comment_status":"closed","ping_status":"closed","template":"","meta":{"_cbd_carousel_blocks":"[]","footnotes":""},"class_list":["post-62431","page","type-page","status-publish"],"_links":{"self":[{"href":"https:\/\/www.region-schwabach.de\/wordpress\/wp-json\/wp\/v2\/pages\/62431","targetHints":{"allow":["GET"]}}],"collection":[{"href":"https:\/\/www.region-schwabach.de\/wordpress\/wp-json\/wp\/v2\/pages"}],"about":[{"href":"https:\/\/www.region-schwabach.de\/wordpress\/wp-json\/wp\/v2\/types\/page"}],"author":[{"embeddable":true,"href":"https:\/\/www.region-schwabach.de\/wordpress\/wp-json\/wp\/v2\/users\/1"}],"replies":[{"embeddable":true,"href":"https:\/\/www.region-schwabach.de\/wordpress\/wp-json\/wp\/v2\/comments?post=62431"}],"version-history":[{"count":289,"href":"https:\/\/www.region-schwabach.de\/wordpress\/wp-json\/wp\/v2\/pages\/62431\/revisions"}],"predecessor-version":[{"id":238500,"href":"https:\/\/www.region-schwabach.de\/wordpress\/wp-json\/wp\/v2\/pages\/62431\/revisions\/238500"}],"wp:attachment":[{"href":"https:\/\/www.region-schwabach.de\/wordpress\/wp-json\/wp\/v2\/media?parent=62431"}],"curies":[{"name":"wp","href":"https:\/\/api.w.org\/{rel}","templated":true}]}}