{"id":6612,"date":"2017-08-15T10:38:35","date_gmt":"2017-08-15T08:38:35","guid":{"rendered":"http:\/\/www.region-schwabach.de\/wordpress\/?page_id=6612"},"modified":"2018-09-18T14:43:19","modified_gmt":"2018-09-18T12:43:19","slug":"oeffnungszeiten","status":"publish","type":"page","link":"https:\/\/www.region-schwabach.de\/wordpress\/einkaufen\/oeffnungszeiten\/","title":{"rendered":"\u00d6ffnungszeiten"},"content":{"rendered":"\t\t<div data-elementor-type=\"wp-post\" data-elementor-id=\"6612\" class=\"elementor elementor-6612 elementor-bc-flex-widget\">\n\t\t\t\t\t\t<section class=\"elementor-section elementor-top-section elementor-element elementor-element-568106b elementor-section-boxed elementor-section-height-default elementor-section-height-default\" data-id=\"568106b\" data-element_type=\"section\">\n\t\t\t\t\t\t<div class=\"elementor-container elementor-column-gap-default\">\n\t\t\t\t\t<div class=\"elementor-column elementor-col-66 elementor-top-column elementor-element elementor-element-e425a16\" data-id=\"e425a16\" data-element_type=\"column\">\n\t\t\t<div class=\"elementor-widget-wrap elementor-element-populated\">\n\t\t\t\t\t\t<div class=\"elementor-element elementor-element-879ab3c elementor-drop-cap-yes elementor-drop-cap-view-default elementor-widget elementor-widget-text-editor\" data-id=\"879ab3c\" data-element_type=\"widget\" data-settings=\"{&quot;drop_cap&quot;:&quot;yes&quot;}\" data-widget_type=\"text-editor.default\">\n\t\t\t\t<div class=\"elementor-widget-container\">\n\t\t\t\t\t\t\t<p>Hier findest Sie die \u00d6ffnungszeiten, Adressen, Kontaktdaten und weitere Angebote von \u00c4mtern &amp; Beh\u00f6rden, \u00c4rzten, B\u00e4ckereien, Dienstleistern, Gastronomie, Geld- und Kreditinstituten, Gesch\u00e4ften, Handel, Metzgereien, Restaurants, Superm\u00e4rkten, Tankstellen, u.v.m.<\/p><table style=\"border-collapse: collapse; width: 100%;\" border=\"1\"><tbody><tr><td style=\"width: 33.3333%;\"><p><a href=\"https:\/\/www.region-schwabach.de\/wordpress\/einkaufen\/oeffnungszeiten\/apotheken\/\" target=\"_blank\" rel=\"noopener\"><img fetchpriority=\"high\" decoding=\"async\" class=\"alignnone wp-image-56759 size-full\" src=\"http:\/\/www.region-schwabach.de\/wordpress\/wp-content\/uploads\/2018\/09\/apotheke3-e1537272251176.jpg\" alt=\"\" width=\"960\" height=\"640\" \/><\/a><\/p><p style=\"text-align: center;\"><a href=\"https:\/\/www.region-schwabach.de\/wordpress\/einkaufen\/oeffnungszeiten\/apotheken\/\" target=\"_blank\" rel=\"noopener\"><span style=\"font-size: 14pt;\"><strong>Apotheken<\/strong><\/span><\/a><\/p><\/td><td style=\"width: 33.3333%;\"><p><a href=\"https:\/\/www.region-schwabach.de\/wordpress\/einkaufen\/oeffnungszeiten\/baeckereien\/\" target=\"_blank\" rel=\"noopener\"><img decoding=\"async\" class=\"alignnone wp-image-56757 size-full\" src=\"http:\/\/www.region-schwabach.de\/wordpress\/wp-content\/uploads\/2018\/09\/brot-broetchen-e1537271778147.jpg\" alt=\"\" width=\"960\" height=\"640\" \/><\/a><\/p><p style=\"text-align: center;\"><a href=\"https:\/\/www.region-schwabach.de\/wordpress\/einkaufen\/oeffnungszeiten\/baeckereien\/\" target=\"_blank\" rel=\"noopener\"><span style=\"font-size: 14pt;\"><strong>B\u00e4ckereien<\/strong><\/span><\/a><\/p><\/td><td style=\"width: 33.3333%;\"><p><a href=\"https:\/\/www.region-schwabach.de\/wordpress\/einkaufen\/oeffnungszeiten\/metzgereien\/\" target=\"_blank\" rel=\"noopener\"><img decoding=\"async\" class=\"alignnone wp-image-56760 size-full\" src=\"http:\/\/www.region-schwabach.de\/wordpress\/wp-content\/uploads\/2018\/09\/metzger2-e1537272894967.jpg\" alt=\"\" width=\"960\" height=\"540\" \/><\/a><\/p><p style=\"text-align: center;\"><a href=\"https:\/\/www.region-schwabach.de\/wordpress\/einkaufen\/oeffnungszeiten\/metzgereien\/\" target=\"_blank\" rel=\"noopener\"><span style=\"font-size: 14pt;\"><strong>Metzgereien<\/strong><\/span><\/a><\/p><\/td><\/tr><tr><td style=\"width: 33.3333%;\"><p><a href=\"https:\/\/www.region-schwabach.de\/wordpress\/einkaufen\/oeffnungszeiten\/oro-schwabach\/\" target=\"_blank\" rel=\"noopener\"><img loading=\"lazy\" decoding=\"async\" class=\"alignnone wp-image-56763 size-full\" src=\"http:\/\/www.region-schwabach.de\/wordpress\/wp-content\/uploads\/2018\/09\/oro_schwabach-e1537273074262.jpg\" alt=\"\" width=\"960\" height=\"540\" \/><\/a><\/p><p style=\"text-align: center;\"><a href=\"https:\/\/www.region-schwabach.de\/wordpress\/einkaufen\/oeffnungszeiten\/oro-schwabach\/\" target=\"_blank\" rel=\"noopener\"><span style=\"font-size: 14pt;\"><strong>Gesch\u00e4fte im ORO<\/strong><\/span><\/a><\/p><\/td><td style=\"width: 33.3333%;\"><p><a href=\"https:\/\/www.region-schwabach.de\/wordpress\/einkaufen\/oeffnungszeiten\/supermaerkte\/\" target=\"_blank\" rel=\"noopener\"><img loading=\"lazy\" decoding=\"async\" class=\"alignnone wp-image-56765 size-full\" src=\"http:\/\/www.region-schwabach.de\/wordpress\/wp-content\/uploads\/2018\/09\/supermarkt-e1537273221891.jpg\" alt=\"\" width=\"960\" height=\"640\" \/><\/a><\/p><p style=\"text-align: center;\"><a href=\"https:\/\/www.region-schwabach.de\/wordpress\/einkaufen\/oeffnungszeiten\/supermaerkte\/\" target=\"_blank\" rel=\"noopener\"><span style=\"font-size: 14pt;\"><strong>Superm\u00e4rkte<\/strong><\/span><\/a><\/p><\/td><td style=\"width: 33.3333%;\"><p><a href=\"https:\/\/www.region-schwabach.de\/wordpress\/einkaufen\/oeffnungszeiten\/tankstellen\/\" target=\"_blank\" rel=\"noopener\"><img loading=\"lazy\" decoding=\"async\" class=\"alignnone wp-image-56766 size-full\" src=\"http:\/\/www.region-schwabach.de\/wordpress\/wp-content\/uploads\/2018\/09\/tankstelle2-e1537273345713.jpg\" alt=\"\" width=\"960\" height=\"639\" \/><\/a><\/p><p style=\"text-align: center;\"><a href=\"https:\/\/www.region-schwabach.de\/wordpress\/einkaufen\/oeffnungszeiten\/tankstellen\/\" target=\"_blank\" rel=\"noopener\"><span style=\"font-size: 14pt;\"><strong>Tankstellen<\/strong><\/span><\/a><\/p><\/td><\/tr><\/tbody><\/table>\t\t\t\t\t\t<\/div>\n\t\t\t\t<\/div>\n\t\t\t\t\t<\/div>\n\t\t<\/div>\n\t\t\t\t<div class=\"elementor-column elementor-col-33 elementor-top-column elementor-element elementor-element-d58a088\" data-id=\"d58a088\" data-element_type=\"column\">\n\t\t\t<div class=\"elementor-widget-wrap\">\n\t\t\t\t\t\t\t<\/div>\n\t\t<\/div>\n\t\t\t\t\t<\/div>\n\t\t<\/section>\n\t\t\t\t<\/div>\n\t\t","protected":false},"excerpt":{"rendered":"<div class=\"mh-excerpt\"><p>Hier findest Sie die \u00d6ffnungszeiten, Adressen, Kontaktdaten und weitere Angebote von \u00c4mtern &amp; Beh\u00f6rden, \u00c4rzten, B\u00e4ckereien, Dienstleistern, Gastronomie, Geld- und Kreditinstituten, Gesch\u00e4ften, Handel, Metzgereien, Restaurants, Superm\u00e4rkten, Tankstellen, u.v.m. Apotheken B\u00e4ckereien Metzgereien Gesch\u00e4fte im ORO Superm\u00e4rkte <a class=\"mh-excerpt-more\" href=\"https:\/\/www.region-schwabach.de\/wordpress\/einkaufen\/oeffnungszeiten\/\" title=\"\u00d6ffnungszeiten\">[&#8230;]<\/a><\/p>\n<\/div>","protected":false},"author":1,"featured_media":0,"parent":9126,"menu_order":0,"comment_status":"closed","ping_status":"closed","template":"","meta":{"_cbd_carousel_blocks":"[]","footnotes":""},"class_list":["post-6612","page","type-page","status-publish"],"_links":{"self":[{"href":"https:\/\/www.region-schwabach.de\/wordpress\/wp-json\/wp\/v2\/pages\/6612","targetHints":{"allow":["GET"]}}],"collection":[{"href":"https:\/\/www.region-schwabach.de\/wordpress\/wp-json\/wp\/v2\/pages"}],"about":[{"href":"https:\/\/www.region-schwabach.de\/wordpress\/wp-json\/wp\/v2\/types\/page"}],"author":[{"embeddable":true,"href":"https:\/\/www.region-schwabach.de\/wordpress\/wp-json\/wp\/v2\/users\/1"}],"replies":[{"embeddable":true,"href":"https:\/\/www.region-schwabach.de\/wordpress\/wp-json\/wp\/v2\/comments?post=6612"}],"version-history":[{"count":0,"href":"https:\/\/www.region-schwabach.de\/wordpress\/wp-json\/wp\/v2\/pages\/6612\/revisions"}],"up":[{"embeddable":true,"href":"https:\/\/www.region-schwabach.de\/wordpress\/wp-json\/wp\/v2\/pages\/9126"}],"wp:attachment":[{"href":"https:\/\/www.region-schwabach.de\/wordpress\/wp-json\/wp\/v2\/media?parent=6612"}],"curies":[{"name":"wp","href":"https:\/\/api.w.org\/{rel}","templated":true}]}}